{"id":46,"date":"2025-05-27T09:42:52","date_gmt":"2025-05-27T09:42:52","guid":{"rendered":"https:\/\/wir-fuer-uetze.de\/?page_id=46"},"modified":"2025-06-18T07:55:07","modified_gmt":"2025-06-18T07:55:07","slug":"mitmachen","status":"publish","type":"page","link":"https:\/\/wir-fuer-uetze.de\/?page_id=46","title":{"rendered":"Mitmachen"},"content":{"rendered":"\n<h2 class=\"wp-block-heading\">Gemeinsam mehr bewegen \u2013 mach mit!<\/h2>\n\n\n\n<p>Ein Verein lebt durch die Menschen, die sich engagieren. Jede*r Einzelne bringt neue Perspektiven, Ideen und Energie mit \u2013 genau das brauchen wir, um gemeinsam etwas zu bewegen. Ob Du mitgestaltest, unterst\u00fctzen oder einfach Teil einer lebendigen Gemeinschaft sein m\u00f6chtest: Bei \u201eWir f\u00fcr Uetze\u201c ist Platz f\u00fcr Dein Engagement \u2013 in dem Ma\u00df, das f\u00fcr Dich passt.<\/p>\n\n\n\n<p>Und das Beste: <strong>Die Anmeldung ist ganz einfach und komplett digital.<\/strong><br>Kein Papierkram, keine Wartezeit \u2013 ein paar Klicks, und Du bist dabei.<\/p>\n\n\n\n<p><strong><a href=\"https:\/\/web.meinverein.de\/profile\/73502\">Hier geht\u2019s zur digitalen Anmeldung<\/a><\/strong><br><\/p>\n\n\n\n<p class=\"has-medium-font-size\">Du willst es entspannt angehen und den Antrag mit dem Kuli ausf\u00fcllen? Kein Problem! Schnapp dir einfach unsere immer noch sehr beliebte Beitrittserkl\u00e4rung, f\u00fcll sie in Ruhe aus \u2013 vielleicht bei \u2019nem Kaffee \u2013 und bring sie dann ganz einfach bei uns vorbei.<\/p>\n\n\n\n<p><a href=\"https:\/\/wir-fuer-uetze.de\/wp-content\/uploads\/2025\/06\/Beitrittserklaerung.pdf\" data-type=\"link\" data-id=\"https:\/\/wir-fuer-uetze.de\/wp-content\/uploads\/2025\/06\/Beitrittserklaerung.pdf\"><strong>Die Beitrittserkl\u00e4rung kannst Du hier direkt herunterladen<\/strong><\/a><\/p>\n\n\n\n<p><\/p>\n\n\n\n<p><\/p>\n","protected":false},"excerpt":{"rendered":"<p>Gemeinsam mehr bewegen \u2013 mach mit! Ein Verein lebt durch die Menschen, die sich engagieren. Jede*r Einzelne bringt neue Perspektiven, [&hellip;]<\/p>\n","protected":false},"author":2,"featured_media":0,"parent":0,"menu_order":0,"comment_status":"closed","ping_status":"closed","template":"","meta":{"saved_in_kubio":false,"site-sidebar-layout":"default","site-content-layout":"","ast-site-content-layout":"","site-content-style":"default","site-sidebar-style":"default","ast-global-header-display":"","ast-banner-title-visibility":"","ast-main-header-display":"","ast-hfb-above-header-display":"","ast-hfb-below-header-display":"","ast-hfb-mobile-header-display":"","site-post-title":"disabled","ast-breadcrumbs-content":"","ast-featured-img":"","footer-sml-layout":"","theme-transparent-header-meta":"","adv-header-id-meta":"","stick-header-meta":"","header-above-stick-meta":"","header-main-stick-meta":"","header-below-stick-meta":"","astra-migrate-meta-layouts":"default","ast-page-background-enabled":"default","ast-page-background-meta":{"desktop":{"background-color":"var(--ast-global-color-5)","background-image":"","background-repeat":"repeat","background-position":"center center","background-size":"auto","background-attachment":"scroll","background-type":"","background-media":"","overlay-type":"","overlay-color":"","overlay-opacity":"","overlay-gradient":""},"tablet":{"background-color":"","background-image":"","background-repeat":"repeat","background-position":"center center","background-size":"auto","background-attachment":"scroll","background-type":"","background-media":"","overlay-type":"","overlay-color":"","overlay-opacity":"","overlay-gradient":""},"mobile":{"background-color":"","background-image":"","background-repeat":"repeat","background-position":"center center","background-size":"auto","background-attachment":"scroll","background-type":"","background-media":"","overlay-type":"","overlay-color":"","overlay-opacity":"","overlay-gradient":""}},"ast-content-background-meta":{"desktop":{"background-color":"var(--ast-global-color-4)","background-image":"","background-repeat":"repeat","background-position":"center center","background-size":"auto","background-attachment":"scroll","background-type":"","background-media":"","overlay-type":"","overlay-color":"","overlay-opacity":"","overlay-gradient":""},"tablet":{"background-color":"var(--ast-global-color-4)","background-image":"","background-repeat":"repeat","background-position":"center center","background-size":"auto","background-attachment":"scroll","background-type":"","background-media":"","overlay-type":"","overlay-color":"","overlay-opacity":"","overlay-gradient":""},"mobile":{"background-color":"var(--ast-global-color-4)","background-image":"","background-repeat":"repeat","background-position":"center center","background-size":"auto","background-attachment":"scroll","background-type":"","background-media":"","overlay-type":"","overlay-color":"","overlay-opacity":"","overlay-gradient":""}},"footnotes":""},"class_list":["post-46","page","type-page","status-publish","hentry"],"kubio_ai_page_context":{"short_desc":"","purpose":"general"},"_links":{"self":[{"href":"https:\/\/wir-fuer-uetze.de\/index.php?rest_route=\/wp\/v2\/pages\/46","targetHints":{"allow":["GET"]}}],"collection":[{"href":"https:\/\/wir-fuer-uetze.de\/index.php?rest_route=\/wp\/v2\/pages"}],"about":[{"href":"https:\/\/wir-fuer-uetze.de\/index.php?rest_route=\/wp\/v2\/types\/page"}],"author":[{"embeddable":true,"href":"https:\/\/wir-fuer-uetze.de\/index.php?rest_route=\/wp\/v2\/users\/2"}],"replies":[{"embeddable":true,"href":"https:\/\/wir-fuer-uetze.de\/index.php?rest_route=%2Fwp%2Fv2%2Fcomments&post=46"}],"version-history":[{"count":4,"href":"https:\/\/wir-fuer-uetze.de\/index.php?rest_route=\/wp\/v2\/pages\/46\/revisions"}],"predecessor-version":[{"id":264,"href":"https:\/\/wir-fuer-uetze.de\/index.php?rest_route=\/wp\/v2\/pages\/46\/revisions\/264"}],"wp:attachment":[{"href":"https:\/\/wir-fuer-uetze.de\/index.php?rest_route=%2Fwp%2Fv2%2Fmedia&parent=46"}],"curies":[{"name":"wp","href":"https:\/\/api.w.org\/{rel}","templated":true}]}}