{"id":294,"date":"2025-06-25T19:51:37","date_gmt":"2025-06-25T19:51:37","guid":{"rendered":"https:\/\/wir-fuer-uetze.de\/?page_id=294"},"modified":"2025-06-25T19:51:56","modified_gmt":"2025-06-25T19:51:56","slug":"alle-neuigkeiten","status":"publish","type":"page","link":"https:\/\/wir-fuer-uetze.de\/?page_id=294","title":{"rendered":"Alle Neuigkeiten"},"content":{"rendered":"<ul class=\"wp-block-latest-posts__list wp-block-latest-posts style--widget-box style-local--widget-box wp-block-kubio-core-latest-posts__widget-box\"><li><a class=\"wp-block-latest-posts__post-title\" href=\"https:\/\/wir-fuer-uetze.de\/?p=347\">Wir f\u00fcr Uetze e.V. beim Umwelttag: Zwischen Klimaschutz, Kompost und guter Laune<\/a><div class=\"wp-block-latest-posts__post-excerpt\">Am 18. April war Wir f\u00fcr Uetze e.V. beim Uetzer Umwelt- und Familientag mit dabei. Und der Name war Programm: Es ging um Klimaschutz, Nachhaltigkeit, gute Ideen und darum, dass all das auch Spa\u00df machen darf. Zwischen heimischen Geh\u00f6lzen, kostenloser Kompostabgabe, spannenden Infost\u00e4nden und buntem Familienprogramm wurde schnell klar: Umweltschutz ist in Uetze alles andere\u2026\u00a0<a class=\"wp-block-latest-posts__read-more\" href=\"https:\/\/wir-fuer-uetze.de\/?p=347\" rel=\"noopener noreferrer\"><span class=\"screen-reader-text\">Wir f\u00fcr Uetze e.V. beim Umwelttag: Zwischen Klimaschutz, Kompost und guter Laune <\/span>weiterlesen<\/a><\/div><\/li>\n<li><a class=\"wp-block-latest-posts__post-title\" href=\"https:\/\/wir-fuer-uetze.de\/?p=343\">Frischer Look, starke Gemeinschaft: Neue Trikots f\u00fcr die JSG Fuhseland<\/a><div class=\"wp-block-latest-posts__post-excerpt\">Mit voller Energie in die neue Saison und das im wahrsten Sinne des Wortes auch im neuen Outfit: Der Verein Wir f\u00fcr Uetze e.V. hat die B-Jugend der JSG Fuhseland mit einem komplett neuen Trikotsatz ausgestattet und damit ein starkes Zeichen f\u00fcr die F\u00f6rderung des lokalen Nachwuchssports gesetzt. F\u00fcr Wir f\u00fcr Uetze e.V. ist dieses\u2026\u00a0<a class=\"wp-block-latest-posts__read-more\" href=\"https:\/\/wir-fuer-uetze.de\/?p=343\" rel=\"noopener noreferrer\"><span class=\"screen-reader-text\">Frischer Look, starke Gemeinschaft: Neue Trikots f\u00fcr die JSG Fuhseland <\/span>weiterlesen<\/a><\/div><\/li>\n<li><a class=\"wp-block-latest-posts__post-title\" href=\"https:\/\/wir-fuer-uetze.de\/?p=334\">After Work Session 2026 \u2013 wir sind am Start!<\/a><div class=\"wp-block-latest-posts__post-excerpt\">Der Feierabend kann kommen, denn wir freuen uns riesig, die After Work Session 2026 am 05. Februar zu er\u00f6ffnen! Gemeinsam mit euch wollen wir wieder zeigen, wie sch\u00f6n es ist, in Uetze zusammenzukommen, abzuschalten und einfach eine gute Zeit zu haben. Die After Work Sessions sind l\u00e4ngst mehr als nur ein Treffen nach der Arbeit:\u2026\u00a0<a class=\"wp-block-latest-posts__read-more\" href=\"https:\/\/wir-fuer-uetze.de\/?p=334\" rel=\"noopener noreferrer\"><span class=\"screen-reader-text\">After Work Session 2026 \u2013 wir sind am Start! <\/span>weiterlesen<\/a><\/div><\/li>\n<li><a class=\"wp-block-latest-posts__post-title\" href=\"https:\/\/wir-fuer-uetze.de\/?p=324\">Uetze leuchtet wieder!<\/a><div class=\"wp-block-latest-posts__post-excerpt\">Es ist wieder soweit: Am Samstag, den 29. November 2025, ab 17 Uhr, verwandelt sich Uetze in ein kleines funkelndes Winterwunderland.Denn dann hei\u00dft es wieder: \u201eUetze leuchtet!\u201c \u2013 organisiert mit Herz und Hand vom \u201eTeam Lichterglanz\u201c und \u201eWir f\u00fcr Uetze e.V.\u201c. Lichterglanz trifft Vereinsgeist Die Laternen in Uetze werden wieder liebevoll geschm\u00fcckt und zum Strahlen\u2026\u00a0<a class=\"wp-block-latest-posts__read-more\" href=\"https:\/\/wir-fuer-uetze.de\/?p=324\" rel=\"noopener noreferrer\"><span class=\"screen-reader-text\">Uetze leuchtet wieder! <\/span>weiterlesen<\/a><\/div><\/li>\n<li><a class=\"wp-block-latest-posts__post-title\" href=\"https:\/\/wir-fuer-uetze.de\/?p=318\">\u201eWir f\u00fcr Uetze e.V.\u201c auf der 1. Seniorenmesse<\/a><div class=\"wp-block-latest-posts__post-excerpt\">Unter dem Motto \u201eMiteinander f\u00fcr ein lebenswertes Uetze \u2013 in jedem Alter\u201c war \u201eWir f\u00fcr Uetze e.V.\u201c mit einem Stand auf der 1. Seniorenmesse im Schulzentrum Uetze vertreten. Diese besondere Veranstaltung hat eindrucksvoll gezeigt, wie vielf\u00e4ltig und engagiert unsere Gemeinde ist und welch wichtigen Beitrag die Seniorinnen und Senioren zu unserem Zusammenleben leisten. Wir haben\u2026\u00a0<a class=\"wp-block-latest-posts__read-more\" href=\"https:\/\/wir-fuer-uetze.de\/?p=318\" rel=\"noopener noreferrer\"><span class=\"screen-reader-text\">\u201eWir f\u00fcr Uetze e.V.\u201c auf der 1. Seniorenmesse <\/span>weiterlesen<\/a><\/div><\/li>\n<li><a class=\"wp-block-latest-posts__post-title\" href=\"https:\/\/wir-fuer-uetze.de\/?p=314\">Umwelt- &amp; Familientag in Uetze: Gemeinsam f\u00fcr eine gr\u00fcnere Zukunft<\/a><div class=\"wp-block-latest-posts__post-excerpt\">Am vergangenen Wochenende war auf dem Festplatz \u201eAuf dem Hoopte\u201c richtig was los! Der Umwelt- &amp; Familientag lockte zahlreiche Besucherinnen und Besucher an, die Lust hatten, Natur, Nachhaltigkeit und Gemeinschaft hautnah zu erleben. Mitmachen, Staunen und Entdecken Ob jung oder alt \u2013 alle konnten bei spannenden Mitmachaktionen und Umweltprojekten aktiv werden: Das Team Jugend baute\u2026\u00a0<a class=\"wp-block-latest-posts__read-more\" href=\"https:\/\/wir-fuer-uetze.de\/?p=314\" rel=\"noopener noreferrer\"><span class=\"screen-reader-text\">Umwelt- &amp; Familientag in Uetze: Gemeinsam f\u00fcr eine gr\u00fcnere Zukunft <\/span>weiterlesen<\/a><\/div><\/li>\n<li><a class=\"wp-block-latest-posts__post-title\" href=\"https:\/\/wir-fuer-uetze.de\/?p=310\">Erste Jahreshauptversammlung<\/a><div class=\"wp-block-latest-posts__post-excerpt\">Am Mittwoch, den 7. Oktober 2025, fand die erste Jahreshauptversammlung des jungen Vereins \u201eWir f\u00fcr Uetze e.V.\u201c statt. Punkt 18:36 Uhr er\u00f6ffnete der 1. Vorsitzende Michael Kropp die Sitzung. In gem\u00fctlicher Atmosph\u00e4re mit einem kleinen Imbiss und Erfrischungsgetr\u00e4nken blickte er gemeinsam mit den Mitgliedern auf ein ereignisreiches erstes Jahr zur\u00fcck. Im R\u00fcckblick wurde deutlich, wie\u2026\u00a0<a class=\"wp-block-latest-posts__read-more\" href=\"https:\/\/wir-fuer-uetze.de\/?p=310\" rel=\"noopener noreferrer\"><span class=\"screen-reader-text\">Erste Jahreshauptversammlung <\/span>weiterlesen<\/a><\/div><\/li>\n<li><a class=\"wp-block-latest-posts__post-title\" href=\"https:\/\/wir-fuer-uetze.de\/?p=306\">Fr\u00f6hlicher Start in den Tag \u2013 Trotz Regen: Hindenburgplatz wird zur Fr\u00fchst\u00fccksoase<\/a><div class=\"wp-block-latest-posts__post-excerpt\">Ein liebevoll gedeckter Tisch, fr\u00f6hliches Kinderlachen und das Klirren von Sektgl\u00e4sern \u2013 das gro\u00dfe gemeinsame Fr\u00fchst\u00fcck auf dem Hindenburgplatz lie\u00df sich am Sonntagmorgen, den 27. Juli, von ein paar Regentropfen nicht unterkriegen. Trotz tr\u00fcber Wolken und gelegentlicher Schauer fanden sich zahlreiche Fr\u00fchst\u00fccksg\u00e4ste ab den fr\u00fchen Morgenstunden auf dem Hindenburgplatz ein, um gemeinsam zu genie\u00dfen, zu\u2026\u00a0<a class=\"wp-block-latest-posts__read-more\" href=\"https:\/\/wir-fuer-uetze.de\/?p=306\" rel=\"noopener noreferrer\"><span class=\"screen-reader-text\">Fr\u00f6hlicher Start in den Tag \u2013 Trotz Regen: Hindenburgplatz wird zur Fr\u00fchst\u00fccksoase <\/span>weiterlesen<\/a><\/div><\/li>\n<li><a class=\"wp-block-latest-posts__post-title\" href=\"https:\/\/wir-fuer-uetze.de\/?p=303\">Liebe auf R\u00e4dern \u2013 Unser Verkaufswagen feiert Hochzeits-Premiere in H\u00e4nigsen<\/a><div class=\"wp-block-latest-posts__post-excerpt\">Am vergangenen Samstag, den 12. Juli 2025, wurde das H\u00e4nigser Freibad Zeuge einer ganz besonderen Liebesgeschichte und zugleich einer doppelten Premiere! Silvana und Matthias K\u00f6nig Welkerling gaben sich auf spektakul\u00e4re Weise das Ja-Wort: auf dem 10-Meter-Sprungturm des Freibads H\u00e4nigsen! Bei frischen 19 Grad, aber mit warmem Herzen, wagte das Paar den gro\u00dfen Schritt ins gemeinsame\u2026\u00a0<a class=\"wp-block-latest-posts__read-more\" href=\"https:\/\/wir-fuer-uetze.de\/?p=303\" rel=\"noopener noreferrer\"><span class=\"screen-reader-text\">Liebe auf R\u00e4dern \u2013 Unser Verkaufswagen feiert Hochzeits-Premiere in H\u00e4nigsen <\/span>weiterlesen<\/a><\/div><\/li>\n<li><a class=\"wp-block-latest-posts__post-title\" href=\"https:\/\/wir-fuer-uetze.de\/?p=286\">Fr\u00fchst\u00fcck mit Freunden \u2013 Gemeinsam genie\u00dfen auf dem Hindenburgplatz!<\/a><div class=\"wp-block-latest-posts__post-excerpt\">Sonntag, 27. Juli 2025 \u2013 markiert euch dieses Datum rot im Kalender! Von 9:30 Uhr bis 14:00 Uhr l\u00e4dt Wir f\u00fcr Uetze e.V. zu einem ganz besonderen Vormittag ein: Fr\u00fchst\u00fcck mit Freunden auf dem Hindenburgplatz \u2013 mitten im Herzen von Uetze. Fr\u00fchst\u00fcck unter freiem Himmel Stellt euch vor: die Sonne scheint, Kinderlachen in der Luft,\u2026\u00a0<a class=\"wp-block-latest-posts__read-more\" href=\"https:\/\/wir-fuer-uetze.de\/?p=286\" rel=\"noopener noreferrer\"><span class=\"screen-reader-text\">Fr\u00fchst\u00fcck mit Freunden \u2013 Gemeinsam genie\u00dfen auf dem Hindenburgplatz! <\/span>weiterlesen<\/a><\/div><\/li>\n<li><a class=\"wp-block-latest-posts__post-title\" href=\"https:\/\/wir-fuer-uetze.de\/?p=280\">Summer in the City 2.0<\/a><div class=\"wp-block-latest-posts__post-excerpt\">Vereine im Rampenlicht \u2013 Zeigt, was euch ausmacht! Diese Aktion richtet sich ganz besonders an euch, die engagierten Vereine unserer Gemeinde. Ihr habt die M\u00f6glichkeit, euch an einem oder mehreren Tagen auf dem Platz zu pr\u00e4sentieren und mit kleinen Mitmachaktionen f\u00fcr Spa\u00df, Bewegung und Aufmerksamkeit zu sorgen. Ob ihr ein Torwandschie\u00dfen, einen Mitmach-Parcours, eine Tombola,\u2026\u00a0<a class=\"wp-block-latest-posts__read-more\" href=\"https:\/\/wir-fuer-uetze.de\/?p=280\" rel=\"noopener noreferrer\"><span class=\"screen-reader-text\">Summer in the City 2.0 <\/span>weiterlesen<\/a><\/div><\/li>\n<li><a class=\"wp-block-latest-posts__post-title\" href=\"https:\/\/wir-fuer-uetze.de\/?p=265\">AFTER WORK @UETZE \u2013 Ein gelungener Feierabend auf dem Hindenburgplatz<\/a><div class=\"wp-block-latest-posts__post-excerpt\">Am Donnerstag, den 5. Juni 2025, wurde der Hindenburgplatz in Uetze zum Treffpunkt f\u00fcr alle, die den Feierabend in entspannter Atmosph\u00e4re genie\u00dfen wollten. Zwischen 17 und 20 Uhr fand das beliebte Event AFTER WORK @UETZE statt, mit Cocktails, Bier, Wein und Leckerem vom Grill war f\u00fcr das leibliche Wohl bestens gesorgt. Trotz durchwachsenem Wetter lie\u00dfen\u2026\u00a0<a class=\"wp-block-latest-posts__read-more\" href=\"https:\/\/wir-fuer-uetze.de\/?p=265\" rel=\"noopener noreferrer\"><span class=\"screen-reader-text\">AFTER WORK @UETZE \u2013 Ein gelungener Feierabend auf dem Hindenburgplatz <\/span>weiterlesen<\/a><\/div><\/li>\n<li><a class=\"wp-block-latest-posts__post-title\" href=\"https:\/\/wir-fuer-uetze.de\/?p=165\">Wings for Life mit \u201eWir f\u00fcr Uetze e.V.\u201c<\/a><div class=\"wp-block-latest-posts__post-excerpt\">Am 4. Mai 2025 war es so weit: In Uetze fiel der Startschuss f\u00fcr den diesj\u00e4hrigen Wings for Life World Run \u2013 ein weltweites Laufevent mit einer klaren Mission: Laufen f\u00fcr die, die es nicht k\u00f6nnen. Mit dabei war auch \u201eWir f\u00fcr Uetze e.V.\u201c, und wir sind stolz, Teil dieser besonderen Aktion gewesen zu sein.\u2026\u00a0<a class=\"wp-block-latest-posts__read-more\" href=\"https:\/\/wir-fuer-uetze.de\/?p=165\" rel=\"noopener noreferrer\"><span class=\"screen-reader-text\">Wings for Life mit \u201eWir f\u00fcr Uetze e.V.\u201c <\/span>weiterlesen<\/a><\/div><\/li>\n<\/ul>\n\n\n<p><\/p>\n","protected":false},"excerpt":{"rendered":"","protected":false},"author":2,"featured_media":0,"parent":0,"menu_order":0,"comment_status":"closed","ping_status":"closed","template":"","meta":{"saved_in_kubio":false,"site-sidebar-layout":"default","site-content-layout":"","ast-site-content-layout":"default","site-content-style":"default","site-sidebar-style":"default","ast-global-header-display":"","ast-banner-title-visibility":"","ast-main-header-display":"","ast-hfb-above-header-display":"","ast-hfb-below-header-display":"","ast-hfb-mobile-header-display":"","site-post-title":"","ast-breadcrumbs-content":"","ast-featured-img":"","footer-sml-layout":"","theme-transparent-header-meta":"","adv-header-id-meta":"","stick-header-meta":"","header-above-stick-meta":"","header-main-stick-meta":"","header-below-stick-meta":"","astra-migrate-meta-layouts":"default","ast-page-background-enabled":"default","ast-page-background-meta":{"desktop":{"background-color":"var(--ast-global-color-5)","background-image":"","background-repeat":"repeat","background-position":"center center","background-size":"auto","background-attachment":"scroll","background-type":"","background-media":"","overlay-type":"","overlay-color":"","overlay-opacity":"","overlay-gradient":""},"tablet":{"background-color":"","background-image":"","background-repeat":"repeat","background-position":"center center","background-size":"auto","background-attachment":"scroll","background-type":"","background-media":"","overlay-type":"","overlay-color":"","overlay-opacity":"","overlay-gradient":""},"mobile":{"background-color":"","background-image":"","background-repeat":"repeat","background-position":"center center","background-size":"auto","background-attachment":"scroll","background-type":"","background-media":"","overlay-type":"","overlay-color":"","overlay-opacity":"","overlay-gradient":""}},"ast-content-background-meta":{"desktop":{"background-color":"var(--ast-global-color-4)","background-image":"","background-repeat":"repeat","background-position":"center center","background-size":"auto","background-attachment":"scroll","background-type":"","background-media":"","overlay-type":"","overlay-color":"","overlay-opacity":"","overlay-gradient":""},"tablet":{"background-color":"var(--ast-global-color-4)","background-image":"","background-repeat":"repeat","background-position":"center center","background-size":"auto","background-attachment":"scroll","background-type":"","background-media":"","overlay-type":"","overlay-color":"","overlay-opacity":"","overlay-gradient":""},"mobile":{"background-color":"var(--ast-global-color-4)","background-image":"","background-repeat":"repeat","background-position":"center center","background-size":"auto","background-attachment":"scroll","background-type":"","background-media":"","overlay-type":"","overlay-color":"","overlay-opacity":"","overlay-gradient":""}},"footnotes":""},"class_list":["post-294","page","type-page","status-publish","hentry"],"kubio_ai_page_context":{"short_desc":"","purpose":"general"},"_links":{"self":[{"href":"https:\/\/wir-fuer-uetze.de\/index.php?rest_route=\/wp\/v2\/pages\/294","targetHints":{"allow":["GET"]}}],"collection":[{"href":"https:\/\/wir-fuer-uetze.de\/index.php?rest_route=\/wp\/v2\/pages"}],"about":[{"href":"https:\/\/wir-fuer-uetze.de\/index.php?rest_route=\/wp\/v2\/types\/page"}],"author":[{"embeddable":true,"href":"https:\/\/wir-fuer-uetze.de\/index.php?rest_route=\/wp\/v2\/users\/2"}],"replies":[{"embeddable":true,"href":"https:\/\/wir-fuer-uetze.de\/index.php?rest_route=%2Fwp%2Fv2%2Fcomments&post=294"}],"version-history":[{"count":2,"href":"https:\/\/wir-fuer-uetze.de\/index.php?rest_route=\/wp\/v2\/pages\/294\/revisions"}],"predecessor-version":[{"id":296,"href":"https:\/\/wir-fuer-uetze.de\/index.php?rest_route=\/wp\/v2\/pages\/294\/revisions\/296"}],"wp:attachment":[{"href":"https:\/\/wir-fuer-uetze.de\/index.php?rest_route=%2Fwp%2Fv2%2Fmedia&parent=294"}],"curies":[{"name":"wp","href":"https:\/\/api.w.org\/{rel}","templated":true}]}}