{"id":20,"date":"2025-05-27T09:29:52","date_gmt":"2025-05-27T09:29:52","guid":{"rendered":"https:\/\/wir-fuer-uetze.de\/?page_id=20"},"modified":"2025-06-01T16:12:40","modified_gmt":"2025-06-01T16:12:40","slug":"satzung","status":"publish","type":"page","link":"https:\/\/wir-fuer-uetze.de\/?page_id=20","title":{"rendered":"Satzung"},"content":{"rendered":"\n<h2 class=\"wp-block-heading\"><strong>Satzung? Ja, wir wissen, wie das klingt \u2026<\/strong><\/h2>\n\n\n\n<p>\u2026 ein bisschen wie trockene Kekse ohne Kaffee. Aber keine Sorge \u2013 unsere Satzung ist zwar das offizielle Regelwerk von <em>Wir f\u00fcr Uetze e.V.<\/em>, aber sie hat es in sich: Sie zeigt, wof\u00fcr wir stehen, wie wir Entscheidungen treffen und warum bei uns niemand einfach \u201enur so\u201c mitmacht, sondern richtig mitgestalten kann.<\/p>\n\n\n\n<p>Man k\u00f6nnte sagen: Die Satzung ist unser Vereins-Kompass \u2013 ein bisschen B\u00fcrokratie, aber mit Herz und Verstand. Und ganz ehrlich: Wer wissen will, wie ein Verein tickt, sollte ruhig mal reinschauen.<\/p>\n\n\n\n<p>Neugierig? Dann hier entlang zur Satzung: <a href=\"https:\/\/wir-fuer-uetze.de\/wp-content\/uploads\/2025\/06\/Satzung_01.10.2024_unterschrieben.pdf\">Zur Satzung<\/a><\/p>\n\n\n\n<p><strong>Gemeinn\u00fctzig? Ganz offiziell!<\/strong><br>Du m\u00f6chtest sicher sein, dass wir wirklich gemeinn\u00fctzig arbeiten? Verst\u00e4ndlich \u2013 und genau deshalb machen wir das ganz transparent. <em>Wir f\u00fcr Uetze e.V.<\/em> ist vom Finanzamt offiziell als gemeinn\u00fctzig anerkannt. Das bedeutet: Unsere Projekte und Aktivit\u00e4ten dienen dem Gemeinwohl, und Spenden an uns k\u00f6nnen steuerlich geltend gemacht werden.<\/p>\n\n\n\n<p>Wenn du also \u00fcberlegst, uns zu unterst\u00fctzen \u2013 sei es mit Zeit, Ideen oder einer Spende \u2013 dann kannst du sicher sein, dass alles seine Ordnung hat.<\/p>\n\n\n\n<p>Hier findest du den aktuellen Gemeinn\u00fctzigkeitsbescheid: <a href=\"https:\/\/wir-fuer-uetze.de\/wp-content\/uploads\/2025\/06\/WfU_Gemeinnuetzigkeit.pdf\">Zum Dokument<\/a><\/p>\n\n\n\n<p><\/p>\n","protected":false},"excerpt":{"rendered":"<p>Satzung? Ja, wir wissen, wie das klingt \u2026 \u2026 ein bisschen wie trockene Kekse ohne Kaffee. Aber keine Sorge \u2013 [&hellip;]<\/p>\n","protected":false},"author":2,"featured_media":0,"parent":0,"menu_order":0,"comment_status":"closed","ping_status":"closed","template":"","meta":{"saved_in_kubio":false,"site-sidebar-layout":"default","site-content-layout":"","ast-site-content-layout":"","site-content-style":"default","site-sidebar-style":"default","ast-global-header-display":"","ast-banner-title-visibility":"","ast-main-header-display":"","ast-hfb-above-header-display":"","ast-hfb-below-header-display":"","ast-hfb-mobile-header-display":"","site-post-title":"disabled","ast-breadcrumbs-content":"","ast-featured-img":"","footer-sml-layout":"","theme-transparent-header-meta":"","adv-header-id-meta":"","stick-header-meta":"","header-above-stick-meta":"","header-main-stick-meta":"","header-below-stick-meta":"","astra-migrate-meta-layouts":"default","ast-page-background-enabled":"default","ast-page-background-meta":{"desktop":{"background-color":"var(--ast-global-color-5)","background-image":"","background-repeat":"repeat","background-position":"center center","background-size":"auto","background-attachment":"scroll","background-type":"","background-media":"","overlay-type":"","overlay-color":"","overlay-opacity":"","overlay-gradient":""},"tablet":{"background-color":"","background-image":"","background-repeat":"repeat","background-position":"center center","background-size":"auto","background-attachment":"scroll","background-type":"","background-media":"","overlay-type":"","overlay-color":"","overlay-opacity":"","overlay-gradient":""},"mobile":{"background-color":"","background-image":"","background-repeat":"repeat","background-position":"center center","background-size":"auto","background-attachment":"scroll","background-type":"","background-media":"","overlay-type":"","overlay-color":"","overlay-opacity":"","overlay-gradient":""}},"ast-content-background-meta":{"desktop":{"background-color":"var(--ast-global-color-4)","background-image":"","background-repeat":"repeat","background-position":"center center","background-size":"auto","background-attachment":"scroll","background-type":"","background-media":"","overlay-type":"","overlay-color":"","overlay-opacity":"","overlay-gradient":""},"tablet":{"background-color":"var(--ast-global-color-4)","background-image":"","background-repeat":"repeat","background-position":"center center","background-size":"auto","background-attachment":"scroll","background-type":"","background-media":"","overlay-type":"","overlay-color":"","overlay-opacity":"","overlay-gradient":""},"mobile":{"background-color":"var(--ast-global-color-4)","background-image":"","background-repeat":"repeat","background-position":"center center","background-size":"auto","background-attachment":"scroll","background-type":"","background-media":"","overlay-type":"","overlay-color":"","overlay-opacity":"","overlay-gradient":""}},"footnotes":""},"class_list":["post-20","page","type-page","status-publish","hentry"],"kubio_ai_page_context":{"short_desc":"","purpose":"general"},"_links":{"self":[{"href":"https:\/\/wir-fuer-uetze.de\/index.php?rest_route=\/wp\/v2\/pages\/20","targetHints":{"allow":["GET"]}}],"collection":[{"href":"https:\/\/wir-fuer-uetze.de\/index.php?rest_route=\/wp\/v2\/pages"}],"about":[{"href":"https:\/\/wir-fuer-uetze.de\/index.php?rest_route=\/wp\/v2\/types\/page"}],"author":[{"embeddable":true,"href":"https:\/\/wir-fuer-uetze.de\/index.php?rest_route=\/wp\/v2\/users\/2"}],"replies":[{"embeddable":true,"href":"https:\/\/wir-fuer-uetze.de\/index.php?rest_route=%2Fwp%2Fv2%2Fcomments&post=20"}],"version-history":[{"count":5,"href":"https:\/\/wir-fuer-uetze.de\/index.php?rest_route=\/wp\/v2\/pages\/20\/revisions"}],"predecessor-version":[{"id":143,"href":"https:\/\/wir-fuer-uetze.de\/index.php?rest_route=\/wp\/v2\/pages\/20\/revisions\/143"}],"wp:attachment":[{"href":"https:\/\/wir-fuer-uetze.de\/index.php?rest_route=%2Fwp%2Fv2%2Fmedia&parent=20"}],"curies":[{"name":"wp","href":"https:\/\/api.w.org\/{rel}","templated":true}]}}