{"id":176,"date":"2025-06-01T18:40:06","date_gmt":"2025-06-01T18:40:06","guid":{"rendered":"https:\/\/wir-fuer-uetze.de\/?page_id=176"},"modified":"2025-06-25T19:55:26","modified_gmt":"2025-06-25T19:55:26","slug":"front_page","status":"publish","type":"page","link":"https:\/\/wir-fuer-uetze.de\/","title":{"rendered":"Startseite"},"content":{"rendered":"\n<h2 class=\"wp-block-heading\">Uetze kann mehr \u2013 mit uns!<\/h2>\n\n\n\n<p>\u201e<strong>Wir f\u00fcr Uetze<\/strong>\u201c steht f\u00fcr gelebtes Miteinander, b\u00fcrgerschaftliches Engagement und die nachhaltige Weiterentwicklung unserer Gemeinde. Unser Ziel ist es, die Lebensqualit\u00e4t in allen neun Ortschaften von Uetze sp\u00fcrbar zu verbessern \u2013 durch Ideen, Projekte und echte Beteiligung. <\/p>\n\n\n\n<p><em>\u201e<\/em><strong>Wir f\u00fcr Uetze<\/strong><em>\u201c<\/em> ist das Netzwerk f\u00fcr alle, die unsere Gemeinde voranbringen wollen \u2013 ganz gleich ob Verein, Unternehmen oder engagierte Einzelperson. Wir verkn\u00fcpfen Ideen, Projekte und Menschen aus allen neun Ortschaften, um gemeinsam das Leben hier noch lebenswerter zu machen.<\/p>\n\n\n\n<p>Ob Belebung der Ortskerne, moderne Infrastruktur, Naherholung, Angebote f\u00fcr Jugendliche und Senioren oder starkes Standortmarketing: Wir gestalten Zukunft. Als offenes Netzwerk aus engagierten Menschen, Unternehmen und Institutionen bringen wir die Kr\u00e4fte vor Ort zusammen und schaffen Synergien, die wirklich etwas bewegen. Werde Teil unserer Community, bring Deine Ideen ein und gestalte mit uns ein lebenswertes Uetze \u2013 f\u00fcr heute und morgen!<\/p>\n\n\n\n<figure class=\"wp-block-gallery has-nested-images columns-default is-cropped wp-block-gallery-1 is-layout-flex wp-block-gallery-is-layout-flex\">\n<figure class=\"wp-block-image size-large\"><img loading=\"lazy\" decoding=\"async\" width=\"1024\" height=\"768\" data-id=\"275\" src=\"https:\/\/wir-fuer-uetze.de\/wp-content\/uploads\/2025\/06\/20201021_105512-1024x768.jpg\" alt=\"\" class=\"wp-image-275\" srcset=\"https:\/\/wir-fuer-uetze.de\/wp-content\/uploads\/2025\/06\/20201021_105512-1024x768.jpg 1024w, https:\/\/wir-fuer-uetze.de\/wp-content\/uploads\/2025\/06\/20201021_105512-300x225.jpg 300w, https:\/\/wir-fuer-uetze.de\/wp-content\/uploads\/2025\/06\/20201021_105512-768x576.jpg 768w, https:\/\/wir-fuer-uetze.de\/wp-content\/uploads\/2025\/06\/20201021_105512-1536x1152.jpg 1536w, https:\/\/wir-fuer-uetze.de\/wp-content\/uploads\/2025\/06\/20201021_105512-1440x1080.jpg 1440w, https:\/\/wir-fuer-uetze.de\/wp-content\/uploads\/2025\/06\/20201021_105512.jpg 1920w\" sizes=\"(max-width: 1024px) 100vw, 1024px\" \/><\/figure>\n\n\n\n<figure class=\"wp-block-image size-large\"><img loading=\"lazy\" decoding=\"async\" width=\"1024\" height=\"768\" data-id=\"273\" src=\"https:\/\/wir-fuer-uetze.de\/wp-content\/uploads\/2025\/06\/20201021_111957-1024x768.jpg\" alt=\"\" class=\"wp-image-273\" srcset=\"https:\/\/wir-fuer-uetze.de\/wp-content\/uploads\/2025\/06\/20201021_111957-1024x768.jpg 1024w, https:\/\/wir-fuer-uetze.de\/wp-content\/uploads\/2025\/06\/20201021_111957-300x225.jpg 300w, https:\/\/wir-fuer-uetze.de\/wp-content\/uploads\/2025\/06\/20201021_111957-768x576.jpg 768w, https:\/\/wir-fuer-uetze.de\/wp-content\/uploads\/2025\/06\/20201021_111957-1536x1152.jpg 1536w, https:\/\/wir-fuer-uetze.de\/wp-content\/uploads\/2025\/06\/20201021_111957-1440x1080.jpg 1440w, https:\/\/wir-fuer-uetze.de\/wp-content\/uploads\/2025\/06\/20201021_111957.jpg 1920w\" sizes=\"(max-width: 1024px) 100vw, 1024px\" \/><\/figure>\n\n\n\n<figure class=\"wp-block-image size-large\"><img loading=\"lazy\" decoding=\"async\" width=\"1024\" height=\"768\" data-id=\"274\" src=\"https:\/\/wir-fuer-uetze.de\/wp-content\/uploads\/2025\/06\/20201021_112522-1024x768.jpg\" alt=\"\" class=\"wp-image-274\" srcset=\"https:\/\/wir-fuer-uetze.de\/wp-content\/uploads\/2025\/06\/20201021_112522-1024x768.jpg 1024w, https:\/\/wir-fuer-uetze.de\/wp-content\/uploads\/2025\/06\/20201021_112522-300x225.jpg 300w, https:\/\/wir-fuer-uetze.de\/wp-content\/uploads\/2025\/06\/20201021_112522-768x576.jpg 768w, https:\/\/wir-fuer-uetze.de\/wp-content\/uploads\/2025\/06\/20201021_112522-1536x1152.jpg 1536w, https:\/\/wir-fuer-uetze.de\/wp-content\/uploads\/2025\/06\/20201021_112522-1440x1080.jpg 1440w, https:\/\/wir-fuer-uetze.de\/wp-content\/uploads\/2025\/06\/20201021_112522.jpg 1920w\" sizes=\"(max-width: 1024px) 100vw, 1024px\" \/><\/figure>\n\n\n\n<figure class=\"wp-block-image size-large\"><img loading=\"lazy\" decoding=\"async\" width=\"1024\" height=\"768\" data-id=\"270\" src=\"https:\/\/wir-fuer-uetze.de\/wp-content\/uploads\/2025\/06\/20201021_113834-1024x768.jpg\" alt=\"\" class=\"wp-image-270\" srcset=\"https:\/\/wir-fuer-uetze.de\/wp-content\/uploads\/2025\/06\/20201021_113834-1024x768.jpg 1024w, https:\/\/wir-fuer-uetze.de\/wp-content\/uploads\/2025\/06\/20201021_113834-300x225.jpg 300w, https:\/\/wir-fuer-uetze.de\/wp-content\/uploads\/2025\/06\/20201021_113834-768x576.jpg 768w, https:\/\/wir-fuer-uetze.de\/wp-content\/uploads\/2025\/06\/20201021_113834-1536x1152.jpg 1536w, https:\/\/wir-fuer-uetze.de\/wp-content\/uploads\/2025\/06\/20201021_113834-1440x1080.jpg 1440w, https:\/\/wir-fuer-uetze.de\/wp-content\/uploads\/2025\/06\/20201021_113834.jpg 1920w\" sizes=\"(max-width: 1024px) 100vw, 1024px\" \/><\/figure>\n\n\n\n<figure class=\"wp-block-image size-large\"><img loading=\"lazy\" decoding=\"async\" width=\"1024\" height=\"768\" data-id=\"272\" src=\"https:\/\/wir-fuer-uetze.de\/wp-content\/uploads\/2025\/06\/20201021_110339-1024x768.jpg\" alt=\"\" class=\"wp-image-272\" srcset=\"https:\/\/wir-fuer-uetze.de\/wp-content\/uploads\/2025\/06\/20201021_110339-1024x768.jpg 1024w, https:\/\/wir-fuer-uetze.de\/wp-content\/uploads\/2025\/06\/20201021_110339-300x225.jpg 300w, https:\/\/wir-fuer-uetze.de\/wp-content\/uploads\/2025\/06\/20201021_110339-768x576.jpg 768w, https:\/\/wir-fuer-uetze.de\/wp-content\/uploads\/2025\/06\/20201021_110339-1536x1152.jpg 1536w, https:\/\/wir-fuer-uetze.de\/wp-content\/uploads\/2025\/06\/20201021_110339-1440x1080.jpg 1440w, https:\/\/wir-fuer-uetze.de\/wp-content\/uploads\/2025\/06\/20201021_110339.jpg 1920w\" sizes=\"(max-width: 1024px) 100vw, 1024px\" \/><\/figure>\n\n\n\n<figure class=\"wp-block-image size-large\"><img loading=\"lazy\" decoding=\"async\" width=\"1024\" height=\"768\" data-id=\"268\" src=\"https:\/\/wir-fuer-uetze.de\/wp-content\/uploads\/2025\/06\/20201021_114841-1024x768.jpg\" alt=\"\" class=\"wp-image-268\" srcset=\"https:\/\/wir-fuer-uetze.de\/wp-content\/uploads\/2025\/06\/20201021_114841-1024x768.jpg 1024w, https:\/\/wir-fuer-uetze.de\/wp-content\/uploads\/2025\/06\/20201021_114841-300x225.jpg 300w, https:\/\/wir-fuer-uetze.de\/wp-content\/uploads\/2025\/06\/20201021_114841-768x576.jpg 768w, https:\/\/wir-fuer-uetze.de\/wp-content\/uploads\/2025\/06\/20201021_114841-1536x1152.jpg 1536w, https:\/\/wir-fuer-uetze.de\/wp-content\/uploads\/2025\/06\/20201021_114841-1440x1080.jpg 1440w, https:\/\/wir-fuer-uetze.de\/wp-content\/uploads\/2025\/06\/20201021_114841.jpg 1920w\" sizes=\"(max-width: 1024px) 100vw, 1024px\" \/><\/figure>\n\n\n\n<figure class=\"wp-block-image size-large\"><img loading=\"lazy\" decoding=\"async\" width=\"1024\" height=\"768\" data-id=\"269\" src=\"https:\/\/wir-fuer-uetze.de\/wp-content\/uploads\/2025\/06\/20201021_115534-1024x768.jpg\" alt=\"\" class=\"wp-image-269\" srcset=\"https:\/\/wir-fuer-uetze.de\/wp-content\/uploads\/2025\/06\/20201021_115534-1024x768.jpg 1024w, https:\/\/wir-fuer-uetze.de\/wp-content\/uploads\/2025\/06\/20201021_115534-300x225.jpg 300w, https:\/\/wir-fuer-uetze.de\/wp-content\/uploads\/2025\/06\/20201021_115534-768x576.jpg 768w, https:\/\/wir-fuer-uetze.de\/wp-content\/uploads\/2025\/06\/20201021_115534-1536x1152.jpg 1536w, https:\/\/wir-fuer-uetze.de\/wp-content\/uploads\/2025\/06\/20201021_115534-1440x1080.jpg 1440w, https:\/\/wir-fuer-uetze.de\/wp-content\/uploads\/2025\/06\/20201021_115534.jpg 1920w\" sizes=\"(max-width: 1024px) 100vw, 1024px\" \/><\/figure>\n\n\n\n<figure class=\"wp-block-image size-large\"><img loading=\"lazy\" decoding=\"async\" width=\"1024\" height=\"768\" data-id=\"276\" src=\"https:\/\/wir-fuer-uetze.de\/wp-content\/uploads\/2025\/06\/20201021_120312-1024x768.jpg\" alt=\"\" class=\"wp-image-276\" srcset=\"https:\/\/wir-fuer-uetze.de\/wp-content\/uploads\/2025\/06\/20201021_120312-1024x768.jpg 1024w, https:\/\/wir-fuer-uetze.de\/wp-content\/uploads\/2025\/06\/20201021_120312-300x225.jpg 300w, https:\/\/wir-fuer-uetze.de\/wp-content\/uploads\/2025\/06\/20201021_120312-768x576.jpg 768w, https:\/\/wir-fuer-uetze.de\/wp-content\/uploads\/2025\/06\/20201021_120312-1536x1152.jpg 1536w, https:\/\/wir-fuer-uetze.de\/wp-content\/uploads\/2025\/06\/20201021_120312-1440x1080.jpg 1440w, https:\/\/wir-fuer-uetze.de\/wp-content\/uploads\/2025\/06\/20201021_120312.jpg 1920w\" sizes=\"(max-width: 1024px) 100vw, 1024px\" \/><\/figure>\n\n\n\n<figure class=\"wp-block-image size-large\"><img loading=\"lazy\" decoding=\"async\" width=\"1024\" height=\"768\" data-id=\"271\" src=\"https:\/\/wir-fuer-uetze.de\/wp-content\/uploads\/2025\/06\/20201021_111232-1024x768.jpg\" alt=\"\" class=\"wp-image-271\" srcset=\"https:\/\/wir-fuer-uetze.de\/wp-content\/uploads\/2025\/06\/20201021_111232-1024x768.jpg 1024w, https:\/\/wir-fuer-uetze.de\/wp-content\/uploads\/2025\/06\/20201021_111232-300x225.jpg 300w, https:\/\/wir-fuer-uetze.de\/wp-content\/uploads\/2025\/06\/20201021_111232-768x576.jpg 768w, https:\/\/wir-fuer-uetze.de\/wp-content\/uploads\/2025\/06\/20201021_111232-1536x1152.jpg 1536w, https:\/\/wir-fuer-uetze.de\/wp-content\/uploads\/2025\/06\/20201021_111232-1440x1080.jpg 1440w, https:\/\/wir-fuer-uetze.de\/wp-content\/uploads\/2025\/06\/20201021_111232.jpg 1920w\" sizes=\"(max-width: 1024px) 100vw, 1024px\" \/><\/figure>\n<\/figure>\n\n\n\n<h2 class=\"wp-block-heading\">Neuigkeiten<\/h2>\n\n\n","protected":false},"excerpt":{"rendered":"<p>Uetze kann mehr \u2013 mit uns! \u201eWir f\u00fcr Uetze\u201c steht f\u00fcr gelebtes Miteinander, b\u00fcrgerschaftliches Engagement und die nachhaltige Weiterentwicklung unserer [&hellip;]<\/p>\n","protected":false},"author":2,"featured_media":0,"parent":0,"menu_order":0,"comment_status":"closed","ping_status":"closed","template":"","meta":{"saved_in_kubio":true,"site-sidebar-layout":"default","site-content-layout":"","ast-site-content-layout":"","site-content-style":"default","site-sidebar-style":"default","ast-global-header-display":"","ast-banner-title-visibility":"","ast-main-header-display":"","ast-hfb-above-header-display":"","ast-hfb-below-header-display":"","ast-hfb-mobile-header-display":"","site-post-title":"disabled","ast-breadcrumbs-content":"","ast-featured-img":"","footer-sml-layout":"","theme-transparent-header-meta":"","adv-header-id-meta":"","stick-header-meta":"","header-above-stick-meta":"","header-main-stick-meta":"","header-below-stick-meta":"","astra-migrate-meta-layouts":"default","ast-page-background-enabled":"default","ast-page-background-meta":{"desktop":{"background-color":"var(--ast-global-color-5)","background-image":"","background-repeat":"repeat","background-position":"center center","background-size":"auto","background-attachment":"scroll","background-type":"","background-media":"","overlay-type":"","overlay-color":"","overlay-opacity":"","overlay-gradient":""},"tablet":{"background-color":"","background-image":"","background-repeat":"repeat","background-position":"center center","background-size":"auto","background-attachment":"scroll","background-type":"","background-media":"","overlay-type":"","overlay-color":"","overlay-opacity":"","overlay-gradient":""},"mobile":{"background-color":"","background-image":"","background-repeat":"repeat","background-position":"center center","background-size":"auto","background-attachment":"scroll","background-type":"","background-media":"","overlay-type":"","overlay-color":"","overlay-opacity":"","overlay-gradient":""}},"ast-content-background-meta":{"desktop":{"background-color":"var(--ast-global-color-4)","background-image":"","background-repeat":"repeat","background-position":"center center","background-size":"auto","background-attachment":"scroll","background-type":"","background-media":"","overlay-type":"","overlay-color":"","overlay-opacity":"","overlay-gradient":""},"tablet":{"background-color":"var(--ast-global-color-4)","background-image":"","background-repeat":"repeat","background-position":"center center","background-size":"auto","background-attachment":"scroll","background-type":"","background-media":"","overlay-type":"","overlay-color":"","overlay-opacity":"","overlay-gradient":""},"mobile":{"background-color":"var(--ast-global-color-4)","background-image":"","background-repeat":"repeat","background-position":"center center","background-size":"auto","background-attachment":"scroll","background-type":"","background-media":"","overlay-type":"","overlay-color":"","overlay-opacity":"","overlay-gradient":""}},"footnotes":""},"class_list":["post-176","page","type-page","status-publish","hentry"],"kubio_ai_page_context":{"short_desc":"","purpose":"general"},"_links":{"self":[{"href":"https:\/\/wir-fuer-uetze.de\/index.php?rest_route=\/wp\/v2\/pages\/176","targetHints":{"allow":["GET"]}}],"collection":[{"href":"https:\/\/wir-fuer-uetze.de\/index.php?rest_route=\/wp\/v2\/pages"}],"about":[{"href":"https:\/\/wir-fuer-uetze.de\/index.php?rest_route=\/wp\/v2\/types\/page"}],"author":[{"embeddable":true,"href":"https:\/\/wir-fuer-uetze.de\/index.php?rest_route=\/wp\/v2\/users\/2"}],"replies":[{"embeddable":true,"href":"https:\/\/wir-fuer-uetze.de\/index.php?rest_route=%2Fwp%2Fv2%2Fcomments&post=176"}],"version-history":[{"count":17,"href":"https:\/\/wir-fuer-uetze.de\/index.php?rest_route=\/wp\/v2\/pages\/176\/revisions"}],"predecessor-version":[{"id":299,"href":"https:\/\/wir-fuer-uetze.de\/index.php?rest_route=\/wp\/v2\/pages\/176\/revisions\/299"}],"wp:attachment":[{"href":"https:\/\/wir-fuer-uetze.de\/index.php?rest_route=%2Fwp%2Fv2%2Fmedia&parent=176"}],"curies":[{"name":"wp","href":"https:\/\/api.w.org\/{rel}","templated":true}]}}