{"id":149,"date":"2025-06-01T16:23:50","date_gmt":"2025-06-01T16:23:50","guid":{"rendered":"https:\/\/wir-fuer-uetze.de\/?page_id=149"},"modified":"2025-06-01T16:32:28","modified_gmt":"2025-06-01T16:32:28","slug":"impressum","status":"publish","type":"page","link":"https:\/\/wir-fuer-uetze.de\/?page_id=149","title":{"rendered":"Impressum"},"content":{"rendered":"\n<h2 class=\"wp-block-heading\">Impressum<\/h2>\n\n\n\n<p><strong>Wir f\u00fcr Uetze e.V.<\/strong><\/p>\n\n\n\n<p>Michael Kropp<br>Seeweg 4<br>31311 Uetze<\/p>\n\n\n\n<p>E-Mail: vorstand@wfu.info<\/p>\n\n\n\n<p>Telefon: +49 173 5434303<\/p>\n\n\n\n<h2 class=\"wp-block-heading\">Haftungsausschluss<\/h2>\n\n\n\n<p>Der Herausgeber dieser Homepage \u00fcbernimmt keinerlei Gew\u00e4hr f\u00fcr die Aktualit\u00e4t, Korrektheit, Vollst\u00e4ndigkeit oder Qualit\u00e4t der bereitgestellten Informationen. Der Herausgeber beh\u00e4lt es sich ausdr\u00fccklich vor, Teile der Seiten oder das gesamte Angebot ohne gesonderte Ank\u00fcndigung zu ver\u00e4ndern, zu erg\u00e4nzen, zu l\u00f6schen oder die Ver\u00f6ffentlichung zeitweise oder endg\u00fcltig einzustellen. Haftungsanspr\u00fcche gegen den Inhaber, die sich auf Sch\u00e4den materieller oder ideeller Art beziehen, welche durch die Nutzung oder Nichtnutzung der dargebotenen Informationen bzw. durch die Nutzung fehlerhafter und unvollst\u00e4ndiger Informationen verursacht wurden sind ausgeschlossen.<\/p>\n\n\n\n<p><br>Einige Links auf dieser Homepage f\u00fchren zu externen Websites. Wir m\u00f6chten ausdr\u00fccklich betonen, dass wir keinerlei Einfluss auf die Gestaltung und die Inhalte der gelinkten Seiten haben. Deshalb distanzieren wir uns hiermit ausdr\u00fccklich von allen Inhalten aller gelinkter Seiten und machen uns diese nicht zu Eigen. Diese Erkl\u00e4rung gilt f\u00fcr alle Verlinkungen innerhalb unserer Seiten. F\u00fcr Inhalte und Sch\u00e4den, die aus der Nutzung oder Nichtnutzung durch Links dargebotener Informationen entstehen, haften allein die Anbieter dieser Seiten, nicht derjenige, der \u00fcber Links auf die jeweilige Ver\u00f6ffentlichung lediglich verweist. Diese Einschr\u00e4nkung gilt gleicherma\u00dfen auch f\u00fcr Fremdeintr\u00e4ge in allen interaktiven Elementen dieses Internetauftritts. F\u00fcr den Inhalt fremder Seiten ist ausschlie\u00dflich der betreffende Autor selbst verantwortlich.<\/p>\n\n\n\n<p><br>Die Links und Informationen dieser Homepage werden nur zum Informationsaustausch bereitgestellt und begr\u00fcnden keine gesch\u00e4ftlichen oder beruflichen Beziehungen irgendwelcher Art. Sie sind nicht als Rechts- oder Steuerberatungsleistungen zu verstehen, sondern dienen rein informativen Zwecken. Vor gesch\u00e4ftlichen Entscheidungen setzen Sie sich bitte mit ihrem Steuerberater oder Rechtsanwalt in Verbindung.<\/p>\n\n\n\n<h2 class=\"wp-block-heading\">Netzwerk<\/h2>\n\n\n\n<p>Alle Portale auf Basis des PortUNA.cms sind untereinander vernetzt. Daher werden Informationen auch anderen Portalen thematisch und regional zugeordnet. (Beispiel: Veranstaltungen einer Kommune werden auch auf einem landesweiten Portal dargestellt.)<\/p>\n\n\n\n<h2 class=\"wp-block-heading\">Urheberrecht<\/h2>\n\n\n\n<p>Die Rechte am Inhalt dieses Internetauftritts liegen beim Herausgeber. Eine Nachnutzung in anderen elektronischen oder gedruckten Publikationen, gleich welcher Art und auch auszugsweise, bedarf der schriftlichen Genehmigung des Herausgebers.<br>Alle Rechte am Design und der Technologie dieses Internetauftritts liegen beim Betreiber. Eine Nachnutzung, gleich welcher Art und auch auszugsweise, ist ohne schriftliche Genehmigung des Betreibers untersagt. Zuwiderhandlungen werden zivil- und strafrechtlich verfolgt.<\/p>\n\n\n\n<p><br>Der Herausgeber ist bestrebt, in allen Publikationen die Urheberrechte der verwendeten Grafiken, Sounds und Texte zu beachten, von ihm selbst erstellte Grafiken, Sounds und Texte zu nutzen oder auf lizenzfreie Grafiken, Sounds und Texte zur\u00fcckzugreifen. Sollte sich auf den jeweiligen Seiten dennoch eine ungekennzeichnete, aber durch fremdes Copyright gesch\u00fctzte Grafik, ein Sound oder Text befinden, so konnte das Urheberrecht vom Herausgeber nicht festgestellt werden. Im Falle einer solchen unbeabsichtigten Copyright-Verletzung wird der Herausgeber das entsprechende Objekt nach Benachrichtigung aus seiner Publikation entfernen bzw. mit dem entsprechenden Copyright kenntlich machen.<\/p>\n\n\n\n<p><br>Das Copyright f\u00fcr ver\u00f6ffentlichte, vom Inhaber selbst erstellte Objekte bleibt allein beim Inhaber der Seiten. Eine Vervielf\u00e4ltigung oder Verwendung solcher Grafiken, Sounds oder Texte in anderen elektronischen oder gedruckten Publikationen ist nur mit ausdr\u00fccklicher Zustimmung des Inhabers gestattet. Zuwiderhandlungen werden zivil- und strafrechtlich verfolgt.<\/p>\n\n\n\n<h2 class=\"wp-block-heading\">Rechtswirksamkeit dieses Haftungsausschlusses<\/h2>\n\n\n\n<p>Dieser Haftungsausschluss ist als Teil des Internetangebotes zu betrachten, von dem aus auf diese Seite verwiesen wurde. Sofern Teile oder einzelne Formulierungen dieses Textes der geltenden Rechtslage nicht, nicht mehr oder nicht vollst\u00e4ndig entsprechen sollten, bleiben die \u00fcbrigen Teile des Dokumentes in ihrem Inhalt und ihrer G\u00fcltigkeit davon nicht ber\u00fchrt.<\/p>\n","protected":false},"excerpt":{"rendered":"<p>Impressum Wir f\u00fcr Uetze e.V. Michael KroppSeeweg 431311 Uetze E-Mail: vorstand@wfu.info Telefon: +49 173 5434303 Haftungsausschluss Der Herausgeber dieser Homepage [&hellip;]<\/p>\n","protected":false},"author":2,"featured_media":0,"parent":0,"menu_order":0,"comment_status":"closed","ping_status":"closed","template":"","meta":{"saved_in_kubio":false,"site-sidebar-layout":"default","site-content-layout":"","ast-site-content-layout":"","site-content-style":"default","site-sidebar-style":"default","ast-global-header-display":"","ast-banner-title-visibility":"","ast-main-header-display":"","ast-hfb-above-header-display":"","ast-hfb-below-header-display":"","ast-hfb-mobile-header-display":"","site-post-title":"disabled","ast-breadcrumbs-content":"","ast-featured-img":"","footer-sml-layout":"","theme-transparent-header-meta":"","adv-header-id-meta":"","stick-header-meta":"","header-above-stick-meta":"","header-main-stick-meta":"","header-below-stick-meta":"","astra-migrate-meta-layouts":"default","ast-page-background-enabled":"default","ast-page-background-meta":{"desktop":{"background-color":"var(--ast-global-color-5)","background-image":"","background-repeat":"repeat","background-position":"center center","background-size":"auto","background-attachment":"scroll","background-type":"","background-media":"","overlay-type":"","overlay-color":"","overlay-opacity":"","overlay-gradient":""},"tablet":{"background-color":"","background-image":"","background-repeat":"repeat","background-position":"center center","background-size":"auto","background-attachment":"scroll","background-type":"","background-media":"","overlay-type":"","overlay-color":"","overlay-opacity":"","overlay-gradient":""},"mobile":{"background-color":"","background-image":"","background-repeat":"repeat","background-position":"center center","background-size":"auto","background-attachment":"scroll","background-type":"","background-media":"","overlay-type":"","overlay-color":"","overlay-opacity":"","overlay-gradient":""}},"ast-content-background-meta":{"desktop":{"background-color":"var(--ast-global-color-4)","background-image":"","background-repeat":"repeat","background-position":"center center","background-size":"auto","background-attachment":"scroll","background-type":"","background-media":"","overlay-type":"","overlay-color":"","overlay-opacity":"","overlay-gradient":""},"tablet":{"background-color":"var(--ast-global-color-4)","background-image":"","background-repeat":"repeat","background-position":"center center","background-size":"auto","background-attachment":"scroll","background-type":"","background-media":"","overlay-type":"","overlay-color":"","overlay-opacity":"","overlay-gradient":""},"mobile":{"background-color":"var(--ast-global-color-4)","background-image":"","background-repeat":"repeat","background-position":"center center","background-size":"auto","background-attachment":"scroll","background-type":"","background-media":"","overlay-type":"","overlay-color":"","overlay-opacity":"","overlay-gradient":""}},"footnotes":""},"class_list":["post-149","page","type-page","status-publish","hentry"],"kubio_ai_page_context":{"short_desc":"","purpose":"general"},"_links":{"self":[{"href":"https:\/\/wir-fuer-uetze.de\/index.php?rest_route=\/wp\/v2\/pages\/149","targetHints":{"allow":["GET"]}}],"collection":[{"href":"https:\/\/wir-fuer-uetze.de\/index.php?rest_route=\/wp\/v2\/pages"}],"about":[{"href":"https:\/\/wir-fuer-uetze.de\/index.php?rest_route=\/wp\/v2\/types\/page"}],"author":[{"embeddable":true,"href":"https:\/\/wir-fuer-uetze.de\/index.php?rest_route=\/wp\/v2\/users\/2"}],"replies":[{"embeddable":true,"href":"https:\/\/wir-fuer-uetze.de\/index.php?rest_route=%2Fwp%2Fv2%2Fcomments&post=149"}],"version-history":[{"count":4,"href":"https:\/\/wir-fuer-uetze.de\/index.php?rest_route=\/wp\/v2\/pages\/149\/revisions"}],"predecessor-version":[{"id":163,"href":"https:\/\/wir-fuer-uetze.de\/index.php?rest_route=\/wp\/v2\/pages\/149\/revisions\/163"}],"wp:attachment":[{"href":"https:\/\/wir-fuer-uetze.de\/index.php?rest_route=%2Fwp%2Fv2%2Fmedia&parent=149"}],"curies":[{"name":"wp","href":"https:\/\/api.w.org\/{rel}","templated":true}]}}